{"id":55,"date":"2018-07-20T04:39:04","date_gmt":"2018-07-20T04:39:04","guid":{"rendered":"https:\/\/minimal.kitewp.com\/?page_id=55"},"modified":"2020-12-21T13:54:53","modified_gmt":"2020-12-21T13:54:53","slug":"contact-map","status":"publish","type":"page","link":"https:\/\/artdivision-cgi.de\/?page_id=55","title":{"rendered":"Contact \/ Impressum"},"content":{"rendered":"<p>IMPRESSUM<\/p>\n<p>art-division GmbH<br \/>\nSchnaidwiesenweg 7<br \/>\nD-74360 Ilsfeld<\/p>\n<p>Back Office<br \/>\nKarlstra\u00dfe 51<br \/>\nD-74072 Heilbronn<\/p>\n<p>Vertretungsberechtige Gesch\u00e4ftsf\u00fchrer:<br \/>\nRichard Monning &amp; Robert Wagner<\/p>\n<p>Telefon: +49 (0) 178 . 355 33 75<br \/>\neMail: row@artdivision-cgi.de<\/p>\n<p>Registergericht Stuttgart Registernummer: HRB 749623<br \/>\nUmsatzsteuer-Identifikationsnummer gem. \u00a7 27a UStG: DE296949746<br \/>\nInhaltlich Verantwortliche: Richard Monning &amp; Robert Wagner<\/p>\n<p>All rights reserved.<\/p>\n<p>Haftungshinweis: Trotz sorgf\u00e4ltiger inhaltlicher Kontrolle \u00fcbernehmen wir keine Haftung f\u00fcr die Inhalte externer Links. F\u00fcr den Inhalt der verlinkten Seiten sind ausschlie\u00dflich deren Betreiber verantwortlich.<\/p>\n<p>DATENSCHUTZERKL\u00c4RUNG Die Nutzung unserer Webseite ist in der Regel ohne Angabe personenbezogener Daten m\u00f6glich. Soweit auf unseren Seiten personenbezogene Daten (beispielsweise Name, Anschrift oder E-Mail-Adressen) erhoben werden, erfolgt dies, soweit m\u00f6glich, stets auf freiwilliger Basis. Diese Daten werden nicht an Dritte weitergegeben.<\/p>\n<p>Wir weisen darauf hin, dass die Daten\u00fcbertragung im Internet (z.B. bei der Kommunikation per E-Mail) Sicherheitsl\u00fccken aufweisen kann. Ein l\u00fcckenloser Schutz der Daten vor dem Zugriff durch Dritte ist nicht m\u00f6glich.<\/p>\n<p>Der Nutzung von im Rahmen der Impressumspflicht ver\u00f6ffentlichten Kontaktdaten durch Dritte zur \u00dcbersendung von nicht ausdr\u00fccklich angeforderter Werbung und Informationsmaterialien wird hiermit ausdr\u00fccklich widersprochen.<\/p>\n<div role=\"form\" class=\"wpcf7\" id=\"wpcf7-f131-o1\" lang=\"en-US\" dir=\"ltr\">\n<div class=\"screen-reader-response\"><p role=\"status\" aria-live=\"polite\" aria-atomic=\"true\"><\/p> <ul><\/ul><\/div>\n<form action=\"\/index.php?rest_route=%2Fwp%2Fv2%2Fpages%2F55#wpcf7-f131-o1\" method=\"post\" class=\"wpcf7-form init\" novalidate=\"novalidate\" data-status=\"init\">\n<div style=\"display: none;\">\n<input type=\"hidden\" name=\"_wpcf7\" value=\"131\" \/>\n<input type=\"hidden\" name=\"_wpcf7_version\" value=\"5.5.6.1\" \/>\n<input type=\"hidden\" name=\"_wpcf7_locale\" value=\"en_US\" \/>\n<input type=\"hidden\" name=\"_wpcf7_unit_tag\" value=\"wpcf7-f131-o1\" \/>\n<input type=\"hidden\" name=\"_wpcf7_container_post\" value=\"0\" \/>\n<input type=\"hidden\" name=\"_wpcf7_posted_data_hash\" value=\"\" \/>\n<\/div>\n<div class=\"contact-item\">\n     <span class=\"wpcf7-form-control-wrap your-name\"><input type=\"text\" name=\"your-name\" value=\"\" size=\"40\" class=\"wpcf7-form-control wpcf7-text wpcf7-validates-as-required\" aria-required=\"true\" aria-invalid=\"false\" placeholder=\"Name *\" \/><\/span>\n<\/div>\n<div class=\"contact-item\">\n     <span class=\"wpcf7-form-control-wrap your-email\"><input type=\"email\" name=\"your-email\" value=\"\" size=\"40\" class=\"wpcf7-form-control wpcf7-text wpcf7-email wpcf7-validates-as-required wpcf7-validates-as-email\" aria-required=\"true\" aria-invalid=\"false\" placeholder=\"Email *\" \/><\/span>\n<\/div>\n<div class=\"contact-item\">\n     <span class=\"wpcf7-form-control-wrap your-subject\"><input type=\"text\" name=\"your-subject\" value=\"\" size=\"40\" class=\"wpcf7-form-control wpcf7-text\" aria-invalid=\"false\" placeholder=\"Website\" \/><\/span>\n<\/div>\n<div class=\"contact-item field-full\">\n     <span class=\"wpcf7-form-control-wrap your-message\"><textarea name=\"your-message\" cols=\"40\" rows=\"10\" class=\"wpcf7-form-control wpcf7-textarea wpcf7-validates-as-required\" aria-required=\"true\" aria-invalid=\"false\" placeholder=\"Comment *\"><\/textarea><\/span>\n<\/div>\n<div class=\"contact-item form-submit\">\n     <input type=\"submit\" value=\"SUBMIT\" class=\"wpcf7-form-control has-spinner wpcf7-submit\" \/>\n<\/div>\n<p style=\"display: none !important;\" class=\"akismet-fields-container\" data-prefix=\"_wpcf7_ak_\"><label>&#916;<textarea name=\"_wpcf7_ak_hp_textarea\" cols=\"45\" rows=\"8\" maxlength=\"100\"><\/textarea><\/label><input type=\"hidden\" id=\"ak_js_1\" name=\"_wpcf7_ak_js\" value=\"133\"\/><script>document.getElementById( \"ak_js_1\" ).setAttribute( \"value\", ( new Date() ).getTime() );<\/script><\/p><div class=\"wpcf7-response-output\" aria-hidden=\"true\"><\/div><\/form><\/div>\n","protected":false},"excerpt":{"rendered":"<p>IMPRESSUM art-division GmbH Schnaidwiesenweg 7 D-74360 Ilsfeld Back Office Karlstra\u00dfe 51 D-74072 Heilbronn Vertretungsberechtige Gesch\u00e4ftsf\u00fchrer: Richard Monning &amp; Robert Wagner Telefon: +49 (0) 178 . 355 33 75 eMail: row@artdivision-cgi.de Registergericht Stuttgart Registernummer: HRB 749623 Umsatzsteuer-Identifikationsnummer gem. \u00a7 27a UStG: DE296949746 Inhaltlich Verantwortliche: Richard Monning &amp; Robert Wagner All rights reserved. Haftungshinweis: Trotz sorgf\u00e4ltiger inhaltlicher [&hellip;]<\/p>\n","protected":false},"author":1,"featured_media":79,"parent":0,"menu_order":0,"comment_status":"closed","ping_status":"closed","template":"","meta":[],"_links":{"self":[{"href":"https:\/\/artdivision-cgi.de\/index.php?rest_route=\/wp\/v2\/pages\/55"}],"collection":[{"href":"https:\/\/artdivision-cgi.de\/index.php?rest_route=\/wp\/v2\/pages"}],"about":[{"href":"https:\/\/artdivision-cgi.de\/index.php?rest_route=\/wp\/v2\/types\/page"}],"author":[{"embeddable":true,"href":"https:\/\/artdivision-cgi.de\/index.php?rest_route=\/wp\/v2\/users\/1"}],"replies":[{"embeddable":true,"href":"https:\/\/artdivision-cgi.de\/index.php?rest_route=%2Fwp%2Fv2%2Fcomments&post=55"}],"version-history":[{"count":8,"href":"https:\/\/artdivision-cgi.de\/index.php?rest_route=\/wp\/v2\/pages\/55\/revisions"}],"predecessor-version":[{"id":885,"href":"https:\/\/artdivision-cgi.de\/index.php?rest_route=\/wp\/v2\/pages\/55\/revisions\/885"}],"wp:featuredmedia":[{"embeddable":true,"href":"https:\/\/artdivision-cgi.de\/index.php?rest_route=\/wp\/v2\/media\/79"}],"wp:attachment":[{"href":"https:\/\/artdivision-cgi.de\/index.php?rest_route=%2Fwp%2Fv2%2Fmedia&parent=55"}],"curies":[{"name":"wp","href":"https:\/\/api.w.org\/{rel}","templated":true}]}}